{"id":16884,"date":"2023-05-24T09:26:59","date_gmt":"2023-05-24T09:26:59","guid":{"rendered":"https:\/\/www.pieravukatlik.com\/?page_id=16884"},"modified":"2023-05-24T13:01:47","modified_gmt":"2023-05-24T13:01:47","slug":"hakkimizda","status":"publish","type":"page","link":"https:\/\/www.pieravukatlik.com\/en\/hakkimizda\/","title":{"rendered":"About Us"},"content":{"rendered":"<div      class=\"vc_row wpb_row section vc_row-fluid\" style=' text-align:left;'><div class=\"full_section_inner clearfix\"><div class=\"wpb_column vc_column_container vc_col-sm-6 vc_col-lg-offset-0 vc_col-lg-6 vc_col-md-offset-0 vc_col-md-6 vc_col-sm-offset-0 vc_col-xs-6\"><div class=\"vc_column-inner vc_custom_1684919666954\"><div class=\"wpb_wrapper\"><div class=\"separator  transparent\" style=\"margin-top: 29px;margin-bottom: 0px;\"><\/div>\n<div class=\"custom_font_holder\" style=\"font-family: Lora; font-size: 20px; line-height: 25px; font-style: normal; font-weight: 300; color: #16162c; text-decoration: none; letter-spacing: 2px; padding: 2; margin: 2; text-align: left;\">Pier Law is a legal consultancy firm based in Izmir. Providing effective legal support with their dynamic team in many fields such as Administrative and Zoning Law, Criminal Law and Inheritance Law; Pier Law also offers academic and expert opinion on specific issues that require sensitivity such as Personal Data Law, Contract Law and Competition Law.<\/div><div class=\"separator  small center\" style=\"margin-top: 20px;margin-bottom: 35px;\"><\/div>\n<div class=\"custom_font_holder\" style=\"font-family: Lora; font-size: 20px; line-height: 25px; font-style: normal; font-weight: 300; color: #16162c; text-decoration: none; letter-spacing: 2px; padding: 2; margin: 2; text-align: left;\">Working with associates who have high academic competence in the fields of administrative law and zoning law, Pier Law provides detailed and comprehensive consultancy and legal support to their clients and counselees in all administrative and zoning cases in Izmir and throughout Turkey. At the same time, with its experienced attorneys, they offer effective and result-oriented legal process management in criminal cases and inheritance cases especially in Izmir and whole Turkey.<\/div><\/div><\/div><\/div><div class=\"wpb_column vc_column_container vc_col-sm-6 vc_col-lg-offset-0 vc_col-lg-6 vc_col-md-offset-0 vc_col-md-6 vc_col-sm-offset-0 vc_col-xs-6\"><div class=\"vc_column-inner vc_custom_1684919650885\"><div class=\"wpb_wrapper\">\n\t<div class=\"wpb_single_image wpb_content_element vc_align_right  qode_image_hover_zoom_in\">\n\t\t<div class=\"wpb_wrapper\">\n\t\t\t\n\t\t\t<div class=\"vc_single_image-wrapper   vc_box_border_grey\"><img class=\"vc_single_image-img\" src=\"https:\/\/www.pieravukatlik.com\/wp-content\/uploads\/2022\/08\/1632006796485-1-1-scaled-e1684918801423-1921x2050.jpg\" width=\"1921\" height=\"2050\" alt=\"default\" title=\"default\" \/><\/div>\n\t\t<\/div>\n\t<\/div>\n<\/div><\/div><\/div><\/div><\/div><div      class=\"vc_row wpb_row section vc_row-fluid\" style=' text-align:left;'><div class=\"full_section_inner clearfix\"><div class=\"wpb_column vc_column_container vc_col-sm-12\"><div class=\"vc_column-inner vc_custom_1684918414503\"><div class=\"wpb_wrapper\"><div class=\"separator  transparent\" style=\"margin-top: 29px;margin-bottom: 0px;\"><\/div>\n<div class=\"separator  small center\" style=\"margin-top: 20px;margin-bottom: 35px;\"><\/div>\n<div class=\"custom_font_holder\" style=\"font-family: Lora; font-size: 20px; line-height: 25px; font-style: normal; font-weight: 300; color: #16162c; text-decoration: none; letter-spacing: 2px; padding: 2; margin: 2; text-align: center;\">At the same time, they provide fast and effective support to their clients, especially in Izmir and all over Turkey, in cases where everyone may need legal advice and advocacy in daily life, such as divorce cases, enforcement proceedings and employment cases.<\/div><div class=\"separator  small center\" style=\"margin-top: 20px;margin-bottom: 35px;\"><\/div>\n<\/div><\/div><\/div><\/div><\/div><div      class=\"vc_row wpb_row section vc_row-fluid\" style=' text-align:left;'><div class=\"full_section_inner clearfix\"><div class=\"wpb_column vc_column_container vc_col-sm-6\"><div class=\"vc_column-inner\"><div class=\"wpb_wrapper\">\n\t<div class=\"wpb_single_image wpb_content_element vc_align_left  qode_image_hover_zoom_in\">\n\t\t<div class=\"wpb_wrapper\">\n\t\t\t\n\t\t\t<div class=\"vc_single_image-wrapper   vc_box_border_grey\"><img class=\"vc_single_image-img\" src=\"https:\/\/www.pieravukatlik.com\/wp-content\/uploads\/2022\/08\/DJI_0777-2-rotated-e1684918762805-1440x1620.jpg\" width=\"1440\" height=\"1620\" alt=\"\" title=\"\" \/><\/div>\n\t\t<\/div>\n\t<\/div>\n<\/div><\/div><\/div><div class=\"wpb_column vc_column_container vc_col-sm-6\"><div class=\"vc_column-inner\"><div class=\"wpb_wrapper\"><div class=\"separator  transparent\" style=\"margin-top: 29px;margin-bottom: 0px;\"><\/div>\n<div class=\"custom_font_holder\" style=\"font-family: Lora; font-size: 20px; line-height: 25px; font-style: normal; font-weight: 300; color: #16162c; text-decoration: none; letter-spacing: 2px; padding: 2; margin: 2; text-align: left;\">With its expert lawyers Pier Law, not only in Izmir but all over Turkey, provides efficient and dedicated legal consultancy services to its corporate clients and counselees in; (i) commercial and corporate law processes, (ii) GDPR and competition law investigations, and (iii) contract law, all of which require knowledge and sensitivity. In this context, it provides result-oriented legal support to its clients in Izmir and all over Turkey in accordance with the needs of the sector and within the framework of corporate governance principles.<\/div><div class=\"separator  small center\" style=\"margin-top: 20px;margin-bottom: 35px;\"><\/div>\n<div class=\"separator  transparent\" style=\"margin-top: 29px;margin-bottom: 0px;\"><\/div>\n<div class=\"custom_font_holder\" style=\"font-family: Lora; font-size: 20px; line-height: 25px; font-style: normal; font-weight: 300; color: #16162c; text-decoration: none; letter-spacing: 2px; padding: 2; margin: 2; text-align: left;\">In its essence, Pier Law; with its expert and experienced associates, provides personal and detail-oriented as well as efficient and effective legal support to its individual and corporate clients and counselees in many legal fields, especially in Izmir and all over Turkey.<\/div><\/div><\/div><\/div><\/div><\/div><div      class=\"vc_row wpb_row section vc_row-fluid\" style=' text-align:left;'><div class=\"full_section_inner clearfix\"><div class=\"wpb_column vc_column_container vc_col-sm-12\"><div class=\"vc_column-inner\"><div class=\"wpb_wrapper\"><div class=\"separator  transparent\" style=\"margin-top: 29px;margin-bottom: 0px;\"><\/div>\n<div class=\"separator  transparent\" style=\"margin-top: 29px;margin-bottom: 0px;\"><\/div>\n<\/div><\/div><\/div><\/div><\/div>","protected":false},"excerpt":{"rendered":"Pier Hukuk, \u0130zmir'de yerle\u015fik bir avukatl\u0131k ve hukuki dan\u0131\u015fmanl\u0131k ofisidir. Dinamik ekibiyle m\u00fcvekkillerine \u0130dare ve \u0130mar Hukuku, Ceza Hukuku ile Miras Hukuku gibi bir\u00e7ok alanda etkili hukuki destek sa\u011flayan Pier Hukuk; ayn\u0131 zamanda Ki\u015fisel Veri Hukuku, S\u00f6zle\u015fme Hukuku ve Rekabet Hukuku gibi hassasiyet gerektiren \u00f6zel...","protected":false},"author":1,"featured_media":0,"parent":0,"menu_order":0,"comment_status":"closed","ping_status":"closed","template":"","meta":[],"_links":{"self":[{"href":"https:\/\/www.pieravukatlik.com\/en\/wp-json\/wp\/v2\/pages\/16884"}],"collection":[{"href":"https:\/\/www.pieravukatlik.com\/en\/wp-json\/wp\/v2\/pages"}],"about":[{"href":"https:\/\/www.pieravukatlik.com\/en\/wp-json\/wp\/v2\/types\/page"}],"author":[{"embeddable":true,"href":"https:\/\/www.pieravukatlik.com\/en\/wp-json\/wp\/v2\/users\/1"}],"replies":[{"embeddable":true,"href":"https:\/\/www.pieravukatlik.com\/en\/wp-json\/wp\/v2\/comments?post=16884"}],"version-history":[{"count":61,"href":"https:\/\/www.pieravukatlik.com\/en\/wp-json\/wp\/v2\/pages\/16884\/revisions"}],"predecessor-version":[{"id":16968,"href":"https:\/\/www.pieravukatlik.com\/en\/wp-json\/wp\/v2\/pages\/16884\/revisions\/16968"}],"wp:attachment":[{"href":"https:\/\/www.pieravukatlik.com\/en\/wp-json\/wp\/v2\/media?parent=16884"}],"curies":[{"name":"wp","href":"https:\/\/api.w.org\/{rel}","templated":true}]}}